{"id":15,"date":"2025-03-25T21:40:32","date_gmt":"2025-03-25T21:40:32","guid":{"rendered":"https:\/\/myrescuediary.stx.gg\/?page_id=15"},"modified":"2025-03-28T00:03:17","modified_gmt":"2025-03-28T00:03:17","slug":"about-me","status":"publish","type":"page","link":"https:\/\/myrescuediary.stx.gg\/?page_id=15","title":{"rendered":"\u00dcber mich"},"content":{"rendered":"\n<p><\/p>\n\n\n\n<p><strong>Herzlich willkomen auf meinem ganz pers\u00f6nlichen Tierschutz-Tagebuch! \ud83d\ude42<\/strong><\/p>\n\n\n\n<p>Mein Name ist Pia und Tiere sind alles f\u00fcr mich. Meine Leidenschaft entwickelte sich, als ich Charlie in meinem Leben willkommen hei\u00dfen durfte. Als ich dann jedoch umziehen musste und ihn nicht mitnehmen konnte, entschieden mein Patner und ich uns dazu, Pflegestelle f\u00fcr Hunde zu werden. Und Zack, es hat begonnen. Wir waren schon immer sehr tierlieb &#8211; er brachte Leyla und Maex mit in unsere gemeinsame Wohnung. Zwei Wochen nach dem Einzug sa\u00df ich ihm Tierheim im Katzenzimmer und entdeckte eine Katze mit Angstst\u00f6rungen, die deshalb nicht zur Vermittlung stand. Nun ja, was soll ich sagen&#8230; Sie hei\u00dft nun Yuna. Aber es wurde immer deutlicher, wie sehr mir ein Hund fehlte.<\/p>\n\n\n\n<p>Eines Tages scrollte ich auf Kleinanzeigen und schaute mir Welpen an. Was macht man denn auch sonst in seiner Freizeit? Dann sah ich eine Anzeige: &#8220;Pflegestelle gesucht&#8221;. Und eine Woche sp\u00e4ter zog Mali ein und nie wieder aus. Pflegestellenversager beim 1. Versuch&#8230; Der n\u00e4chste Hund, Samy, wurde dann eine Direktadoption aus Spanien &#8211; das Pflegestellen-Zeug haben wir uns hier gespart.<\/p>\n\n\n\n<p>Ich konnte nicht damit leben, nichts weiter aktiv zu tun. Also setzte ich mich wieder an den Laptop. &#8220;Pflegestellen f\u00fcr Katzen&#8221;. Und so begann meine Reise im Tierschutz.<\/p>\n\n\n\n<p>Mittlerweile arbeite ich ehrenamtlich bei Hunderettung Europa e.V. als Teamlead f\u00fcr TikTok und bin noch immer Pflegestelle f\u00fcr Katzen &#8211; bis jetzt ohne zu versagen. \ud83d\ude09<\/p>\n\n\n\n<div class=\"wp-block-buttons is-layout-flex wp-block-buttons-is-layout-flex\">\n<div class=\"wp-block-button\"><a class=\"wp-block-button__link wp-element-button\" href=\"https:\/\/myrescuediary.stx.gg\/?page_id=32\">Meine Pflegetiere<\/a><\/div>\n<\/div>\n\n\n\n<p><\/p>\n","protected":false},"excerpt":{"rendered":"<p>Herzlich willkomen auf meinem ganz pers\u00f6nlichen Tierschutz-Tagebuch! \ud83d\ude42 Mein Name ist Pia und Tiere sind alles f\u00fcr mich. Meine Leidenschaft entwickelte sich, als ich Charlie in meinem Leben willkommen hei\u00dfen durfte. Als ich dann jedoch umziehen musste und ihn nicht mitnehmen konnte, entschieden mein Patner und ich uns dazu, Pflegestelle f\u00fcr Hunde zu werden. Und [&hellip;]<\/p>\n","protected":false},"author":1,"featured_media":30,"parent":0,"menu_order":0,"comment_status":"closed","ping_status":"closed","template":"","meta":{"footnotes":""},"class_list":["post-15","page","type-page","status-publish","has-post-thumbnail","hentry"],"_links":{"self":[{"href":"https:\/\/myrescuediary.stx.gg\/index.php?rest_route=\/wp\/v2\/pages\/15","targetHints":{"allow":["GET"]}}],"collection":[{"href":"https:\/\/myrescuediary.stx.gg\/index.php?rest_route=\/wp\/v2\/pages"}],"about":[{"href":"https:\/\/myrescuediary.stx.gg\/index.php?rest_route=\/wp\/v2\/types\/page"}],"author":[{"embeddable":true,"href":"https:\/\/myrescuediary.stx.gg\/index.php?rest_route=\/wp\/v2\/users\/1"}],"replies":[{"embeddable":true,"href":"https:\/\/myrescuediary.stx.gg\/index.php?rest_route=%2Fwp%2Fv2%2Fcomments&post=15"}],"version-history":[{"count":9,"href":"https:\/\/myrescuediary.stx.gg\/index.php?rest_route=\/wp\/v2\/pages\/15\/revisions"}],"predecessor-version":[{"id":174,"href":"https:\/\/myrescuediary.stx.gg\/index.php?rest_route=\/wp\/v2\/pages\/15\/revisions\/174"}],"wp:featuredmedia":[{"embeddable":true,"href":"https:\/\/myrescuediary.stx.gg\/index.php?rest_route=\/wp\/v2\/media\/30"}],"wp:attachment":[{"href":"https:\/\/myrescuediary.stx.gg\/index.php?rest_route=%2Fwp%2Fv2%2Fmedia&parent=15"}],"curies":[{"name":"wp","href":"https:\/\/api.w.org\/{rel}","templated":true}]}}