{"id":32,"date":"2025-03-25T21:50:22","date_gmt":"2025-03-25T21:50:22","guid":{"rendered":"https:\/\/myrescuediary.stx.gg\/?page_id=32"},"modified":"2025-08-17T00:17:03","modified_gmt":"2025-08-17T00:17:03","slug":"meine-pflegetiere","status":"publish","type":"page","link":"https:\/\/myrescuediary.stx.gg\/?page_id=32","title":{"rendered":"Meine Pflegetiere"},"content":{"rendered":"\n<p><\/p>\n\n\n\n<div class=\"wp-block-media-text is-stacked-on-mobile\" style=\"grid-template-columns:35% auto\"><figure class=\"wp-block-media-text__media\"><img loading=\"lazy\" decoding=\"async\" width=\"751\" height=\"1024\" src=\"https:\/\/myrescuediary.stx.gg\/wp-content\/uploads\/2025\/03\/IMG_2911-scaled-e1742938923284-751x1024.jpeg\" alt=\"\" class=\"wp-image-34 size-full\" srcset=\"https:\/\/myrescuediary.stx.gg\/wp-content\/uploads\/2025\/03\/IMG_2911-scaled-e1742938923284-751x1024.jpeg 751w, https:\/\/myrescuediary.stx.gg\/wp-content\/uploads\/2025\/03\/IMG_2911-scaled-e1742938923284-220x300.jpeg 220w, https:\/\/myrescuediary.stx.gg\/wp-content\/uploads\/2025\/03\/IMG_2911-scaled-e1742938923284-768x1047.jpeg 768w, https:\/\/myrescuediary.stx.gg\/wp-content\/uploads\/2025\/03\/IMG_2911-scaled-e1742938923284-9x12.jpeg 9w, https:\/\/myrescuediary.stx.gg\/wp-content\/uploads\/2025\/03\/IMG_2911-scaled-e1742938923284.jpeg 1080w\" sizes=\"auto, (max-width: 751px) 100vw, 751px\" \/><\/figure><div class=\"wp-block-media-text__content\">\n<p>Mali &#8211; Pflegestellenversager. Adoptiert von uns am 01.01.2024<\/p>\n<\/div><\/div>\n\n\n\n<p>Mali kam total ver\u00e4ngstigt zu uns &#8211; zu Beginn war es nicht m\u00f6glich, mit ihr rauszugehen und mein Patner konnte sie nicht anfassen. Sie hatte einige Wunden von ihrer Zeit auf der Stra\u00dfe, woraus man auf ihre Vergangenheit schlie\u00dfen kann.<\/p>\n\n\n\n<p>Sie ist zu einer eine wundervollen, ruhigen H\u00fcndin herangewachsen.<\/p>\n\n\n\n<div class=\"wp-block-media-text is-stacked-on-mobile\"><figure class=\"wp-block-media-text__media\"><img loading=\"lazy\" decoding=\"async\" width=\"1024\" height=\"753\" src=\"https:\/\/myrescuediary.stx.gg\/wp-content\/uploads\/2025\/03\/33bb21fa-de2c-4fdb-8a5d-a2050251f091-e1742939027939-1024x753.jpeg\" alt=\"\" class=\"wp-image-33 size-full\" srcset=\"https:\/\/myrescuediary.stx.gg\/wp-content\/uploads\/2025\/03\/33bb21fa-de2c-4fdb-8a5d-a2050251f091-e1742939027939-1024x753.jpeg 1024w, https:\/\/myrescuediary.stx.gg\/wp-content\/uploads\/2025\/03\/33bb21fa-de2c-4fdb-8a5d-a2050251f091-e1742939027939-300x221.jpeg 300w, https:\/\/myrescuediary.stx.gg\/wp-content\/uploads\/2025\/03\/33bb21fa-de2c-4fdb-8a5d-a2050251f091-e1742939027939-768x565.jpeg 768w, https:\/\/myrescuediary.stx.gg\/wp-content\/uploads\/2025\/03\/33bb21fa-de2c-4fdb-8a5d-a2050251f091-e1742939027939-16x12.jpeg 16w, https:\/\/myrescuediary.stx.gg\/wp-content\/uploads\/2025\/03\/33bb21fa-de2c-4fdb-8a5d-a2050251f091-e1742939027939.jpeg 1152w\" sizes=\"auto, (max-width: 1024px) 100vw, 1024px\" \/><\/figure><div class=\"wp-block-media-text__content\">\n<p>Cosima &#8211; adoptiert im August 2024<\/p>\n<\/div><\/div>\n\n\n\n<p>Cosima war unsere kleine Kuschelmaus, sie schnurrte, sobald man sie ber\u00fchrt. Sie ist unfassbar schnell aufgetaut und f\u00fchrt mittlerweile das beste Leben, das man sich h\u00e4tte w\u00fcnschen k\u00f6nnen.<\/p>\n\n\n\n<div class=\"wp-block-media-text is-stacked-on-mobile\" style=\"grid-template-columns:46% auto\"><figure class=\"wp-block-media-text__media\"><img loading=\"lazy\" decoding=\"async\" width=\"1024\" height=\"953\" src=\"https:\/\/myrescuediary.stx.gg\/wp-content\/uploads\/2025\/03\/IMG_3834-scaled-e1742939133615-1024x953.jpeg\" alt=\"\" class=\"wp-image-35 size-full\" srcset=\"https:\/\/myrescuediary.stx.gg\/wp-content\/uploads\/2025\/03\/IMG_3834-scaled-e1742939133615-1024x953.jpeg 1024w, https:\/\/myrescuediary.stx.gg\/wp-content\/uploads\/2025\/03\/IMG_3834-scaled-e1742939133615-300x279.jpeg 300w, https:\/\/myrescuediary.stx.gg\/wp-content\/uploads\/2025\/03\/IMG_3834-scaled-e1742939133615-768x715.jpeg 768w, https:\/\/myrescuediary.stx.gg\/wp-content\/uploads\/2025\/03\/IMG_3834-scaled-e1742939133615-13x12.jpeg 13w, https:\/\/myrescuediary.stx.gg\/wp-content\/uploads\/2025\/03\/IMG_3834-scaled-e1742939133615.jpeg 1440w\" sizes=\"auto, (max-width: 1024px) 100vw, 1024px\" \/><\/figure><div class=\"wp-block-media-text__content\">\n<p>Evi &#8211; adoptiert im April 2025<\/p>\n<\/div><\/div>\n\n\n\n<p>Evi&#8230; Wo fang ich da an? Sie ist eine absolute Chaotion, die liebevoller nicht sein k\u00f6nnte. Sie will immer bei mir sein, fordert einen sogar dazu auf, sie auf den Arm zu nehmen. Eine Katze wie Evi habe ich noch nie kennen gelernt, sie ist einfach eine Traumkatze.<\/p>\n\n\n\n<div class=\"wp-block-media-text is-stacked-on-mobile\"><figure class=\"wp-block-media-text__media\"><img loading=\"lazy\" decoding=\"async\" width=\"1024\" height=\"662\" src=\"https:\/\/myrescuediary.stx.gg\/wp-content\/uploads\/2025\/04\/IMG_7615-2-1024x662.jpeg\" alt=\"\" class=\"wp-image-205 size-full\" srcset=\"https:\/\/myrescuediary.stx.gg\/wp-content\/uploads\/2025\/04\/IMG_7615-2-1024x662.jpeg 1024w, https:\/\/myrescuediary.stx.gg\/wp-content\/uploads\/2025\/04\/IMG_7615-2-300x194.jpeg 300w, https:\/\/myrescuediary.stx.gg\/wp-content\/uploads\/2025\/04\/IMG_7615-2-768x496.jpeg 768w, https:\/\/myrescuediary.stx.gg\/wp-content\/uploads\/2025\/04\/IMG_7615-2-1536x993.jpeg 1536w, https:\/\/myrescuediary.stx.gg\/wp-content\/uploads\/2025\/04\/IMG_7615-2-2048x1323.jpeg 2048w\" sizes=\"auto, (max-width: 1024px) 100vw, 1024px\" \/><\/figure><div class=\"wp-block-media-text__content\">\n<p>Miffy &#8211; adoptiert im Juli 2025<\/p>\n<\/div><\/div>\n\n\n\n<p>Miffy ist unsere kleine Diva, die jeden mit ihren wundersch\u00f6nen Augen bezaubert. Wenn sie nicht aus dem Fenster schaut, dann schl\u00e4ft sie auf meinem Scho\u00df und fordert aktiv Streicheleinheiten ein.<\/p>\n\n\n\n<div class=\"wp-block-media-text is-stacked-on-mobile\"><figure class=\"wp-block-media-text__media\"><img loading=\"lazy\" decoding=\"async\" width=\"730\" height=\"1024\" src=\"https:\/\/myrescuediary.stx.gg\/wp-content\/uploads\/2025\/08\/4e1bcdd5-116d-4643-9f0f-c0577f12e5f5-1-e1755389389774-730x1024.jpg\" alt=\"\" class=\"wp-image-234 size-full\" srcset=\"https:\/\/myrescuediary.stx.gg\/wp-content\/uploads\/2025\/08\/4e1bcdd5-116d-4643-9f0f-c0577f12e5f5-1-e1755389389774-730x1024.jpg 730w, https:\/\/myrescuediary.stx.gg\/wp-content\/uploads\/2025\/08\/4e1bcdd5-116d-4643-9f0f-c0577f12e5f5-1-e1755389389774-214x300.jpg 214w, https:\/\/myrescuediary.stx.gg\/wp-content\/uploads\/2025\/08\/4e1bcdd5-116d-4643-9f0f-c0577f12e5f5-1-e1755389389774-768x1078.jpg 768w, https:\/\/myrescuediary.stx.gg\/wp-content\/uploads\/2025\/08\/4e1bcdd5-116d-4643-9f0f-c0577f12e5f5-1-e1755389389774.jpg 872w\" sizes=\"auto, (max-width: 730px) 100vw, 730px\" \/><\/figure><div class=\"wp-block-media-text__content\">\n<p>Cleo &#8211; adoptiert im Juli 2025<\/p>\n<\/div><\/div>\n\n\n\n<p>Cleo &#8211; ehemals Blancota &#8211; ist ein Hund, wie ich ihn nie zuvor kennengelernt habe. So ruhig, still und einfach da. Sie hat so viel Liebe zu geben, auch wenn sie noch das Hunde 1&#215;1 Lernen muss. Spazierg\u00e4nge? Nicht mit Cleo, sie schl\u00e4ft lieber. Sie ist eine absolute Zaubermaus.<\/p>\n\n\n\n<div class=\"wp-block-media-text is-stacked-on-mobile\"><figure class=\"wp-block-media-text__media\"><img loading=\"lazy\" decoding=\"async\" width=\"901\" height=\"1024\" src=\"https:\/\/myrescuediary.stx.gg\/wp-content\/uploads\/2025\/08\/6e820bac-0aa9-4bb6-abd7-b66c31bac87f-1-e1755389402584-901x1024.jpg\" alt=\"\" class=\"wp-image-233 size-full\" srcset=\"https:\/\/myrescuediary.stx.gg\/wp-content\/uploads\/2025\/08\/6e820bac-0aa9-4bb6-abd7-b66c31bac87f-1-e1755389402584-901x1024.jpg 901w, https:\/\/myrescuediary.stx.gg\/wp-content\/uploads\/2025\/08\/6e820bac-0aa9-4bb6-abd7-b66c31bac87f-1-e1755389402584-264x300.jpg 264w, https:\/\/myrescuediary.stx.gg\/wp-content\/uploads\/2025\/08\/6e820bac-0aa9-4bb6-abd7-b66c31bac87f-1-e1755389402584-768x873.jpg 768w, https:\/\/myrescuediary.stx.gg\/wp-content\/uploads\/2025\/08\/6e820bac-0aa9-4bb6-abd7-b66c31bac87f-1-e1755389402584.jpg 1060w\" sizes=\"auto, (max-width: 901px) 100vw, 901px\" \/><\/figure><div class=\"wp-block-media-text__content\">\n<p>Socks &#8211; bei uns seit Juli 2025<\/p>\n<\/div><\/div>\n\n\n\n<p>Socks wird definitiv ein Herzensbrecher. Die ersten Wochen konnte ich ihn nur \u00fcber die \u00dcberwachungskamera beobachten, da er unfassbar \u00e4ngstlich war. Eines Tages schaute er mich schnurrend an und das Eis war gebrochen &#8211; seit dem weicht er mir nicht mehr von der Seite. Wenn er nicht gerade wie ein Baby gehalten werden will, dann schl\u00e4ft er schnurrend in meinem Pullover ein.<\/p>\n","protected":false},"excerpt":{"rendered":"<p>Mali &#8211; Pflegestellenversager. Adoptiert von uns am 01.01.2024 Mali kam total ver\u00e4ngstigt zu uns &#8211; zu Beginn war es nicht m\u00f6glich, mit ihr rauszugehen und mein Patner konnte sie nicht anfassen. Sie hatte einige Wunden von ihrer Zeit auf der Stra\u00dfe, woraus man auf ihre Vergangenheit schlie\u00dfen kann. Sie ist zu einer eine wundervollen, ruhigen [&hellip;]<\/p>\n","protected":false},"author":1,"featured_media":0,"parent":15,"menu_order":0,"comment_status":"closed","ping_status":"closed","template":"","meta":{"footnotes":""},"class_list":["post-32","page","type-page","status-publish","hentry"],"_links":{"self":[{"href":"https:\/\/myrescuediary.stx.gg\/index.php?rest_route=\/wp\/v2\/pages\/32","targetHints":{"allow":["GET"]}}],"collection":[{"href":"https:\/\/myrescuediary.stx.gg\/index.php?rest_route=\/wp\/v2\/pages"}],"about":[{"href":"https:\/\/myrescuediary.stx.gg\/index.php?rest_route=\/wp\/v2\/types\/page"}],"author":[{"embeddable":true,"href":"https:\/\/myrescuediary.stx.gg\/index.php?rest_route=\/wp\/v2\/users\/1"}],"replies":[{"embeddable":true,"href":"https:\/\/myrescuediary.stx.gg\/index.php?rest_route=%2Fwp%2Fv2%2Fcomments&post=32"}],"version-history":[{"count":7,"href":"https:\/\/myrescuediary.stx.gg\/index.php?rest_route=\/wp\/v2\/pages\/32\/revisions"}],"predecessor-version":[{"id":238,"href":"https:\/\/myrescuediary.stx.gg\/index.php?rest_route=\/wp\/v2\/pages\/32\/revisions\/238"}],"up":[{"embeddable":true,"href":"https:\/\/myrescuediary.stx.gg\/index.php?rest_route=\/wp\/v2\/pages\/15"}],"wp:attachment":[{"href":"https:\/\/myrescuediary.stx.gg\/index.php?rest_route=%2Fwp%2Fv2%2Fmedia&parent=32"}],"curies":[{"name":"wp","href":"https:\/\/api.w.org\/{rel}","templated":true}]}}